{"id":162,"date":"2022-11-18T10:07:49","date_gmt":"2022-11-18T09:07:49","guid":{"rendered":"http:\/\/hypnose-praticienne.pro\/?page_id=162"},"modified":"2024-06-13T16:05:12","modified_gmt":"2024-06-13T14:05:12","slug":"hypnose-et-pathologies","status":"publish","type":"page","link":"https:\/\/hypnose-praticienne.pro\/index.php\/hypnose-et-pathologies\/","title":{"rendered":"Parlons Hypnose"},"content":{"rendered":"<div class=\"wp-block-image\">\n<figure class=\"alignright size-medium is-resized\"><img loading=\"lazy\" decoding=\"async\" width=\"244\" height=\"300\" src=\"http:\/\/hypnose-praticienne.pro\/wp-content\/uploads\/2023\/01\/image_648732738-244x300.jpg\" alt=\"\" class=\"wp-image-780\" style=\"width:339px;height:417px\" srcset=\"https:\/\/hypnose-praticienne.pro\/wp-content\/uploads\/2023\/01\/image_648732738-244x300.jpg 244w, https:\/\/hypnose-praticienne.pro\/wp-content\/uploads\/2023\/01\/image_648732738-600x739.jpg 600w, https:\/\/hypnose-praticienne.pro\/wp-content\/uploads\/2023\/01\/image_648732738-831x1024.jpg 831w, https:\/\/hypnose-praticienne.pro\/wp-content\/uploads\/2023\/01\/image_648732738-768x946.jpg 768w, https:\/\/hypnose-praticienne.pro\/wp-content\/uploads\/2023\/01\/image_648732738-1247x1536.jpg 1247w, https:\/\/hypnose-praticienne.pro\/wp-content\/uploads\/2023\/01\/image_648732738.jpg 1468w\" sizes=\"auto, (max-width: 244px) 100vw, 244px\" \/><\/figure>\n<\/div>\n\n\n<p><\/p>\n\n\n\n<p><\/p>\n\n\n\n<p><strong>Et si nous parlions de l\u2019Hypnose en plusieurs questions \u2026<\/strong><\/p>\n\n\n\n<p><\/p>\n\n\n\n<p>1 \u2013 L\u2019Hypnose Ericksonienne, explications\u2026<\/p>\n\n\n\n<p>2 \u2013 Comment ?<\/p>\n\n\n\n<p>3 \u2013 Pour qui ?<\/p>\n\n\n\n<p>4 \u2013 Pour quoi ?<\/p>\n\n\n\n<p><\/p>\n\n\n\n<p><\/p>\n\n\n\n<p><\/p>\n\n\n\n<p><strong>1 \u2013 L\u2019hypnose Ericksonienne, explications\u2026<\/strong><\/p>\n\n\n\n<p>D\u00e9velopp\u00e9e par le c\u00e9l\u00e8bre psychiatre et psychologue am\u00e9ricain,<strong> Milton Erickson,<\/strong> l\u2019hypnose Ericksonienne est une forme particuli\u00e8re d\u2019hypnose qui s&rsquo;effectue en \u00ab\u00a0position basse\u00a0\u00bb, cela signifie quoi exactement&#8230;<\/p>\n\n\n\n<p>Elle utilise la suggestion mentale d\u2019images rassurantes gr\u00e2ce \u00e0 l\u2019usage d\u2019un vocabulaire symbolique. Tout simplement le praticien parle au patient, dont l\u2019attention est focalis\u00e9e sur un facteur qui d\u00e9clenche une r\u00e9action physiologique.<\/p>\n\n\n\n<p>L\u2019hypnose Ericksonienne c\u2019est en fait un patient qui sera acteur de sa gu\u00e9rison.<\/p>\n\n\n\n<p>Avec Erickson, l\u2019hypnoth\u00e9rapeute accompagne le patient \u00e0 trouver ses propres solutions. <\/p>\n\n\n\n<p>Effectivement, c\u2019est au patient de mettre \u00e0 profit l\u2019\u00e9tat hypnotique pour acc\u00e9der \u00e0 ses ressources int\u00e9rieures, trop souvent inexploit\u00e9es.<\/p>\n\n\n<div class=\"wp-block-image\">\n<figure class=\"alignleft size-full is-resized\"><img loading=\"lazy\" decoding=\"async\" width=\"734\" height=\"621\" src=\"http:\/\/hypnose-praticienne.pro\/wp-content\/uploads\/2023\/02\/image.png\" alt=\"\" class=\"wp-image-1197\" style=\"width:353px;height:299px\" srcset=\"https:\/\/hypnose-praticienne.pro\/wp-content\/uploads\/2023\/02\/image.png 734w, https:\/\/hypnose-praticienne.pro\/wp-content\/uploads\/2023\/02\/image-600x508.png 600w, https:\/\/hypnose-praticienne.pro\/wp-content\/uploads\/2023\/02\/image-300x254.png 300w\" sizes=\"auto, (max-width: 734px) 100vw, 734px\" \/><\/figure>\n<\/div>\n\n\n<p><\/p>\n\n\n\n<p><\/p>\n\n\n\n<p><strong>2 \u2013 Comment ? Comment se d\u00e9roule une s\u00e9ance&nbsp;d\u2019hypnose<\/strong><\/p>\n\n\n\n<p>Pour une premi\u00e8re consultation, la s\u00e9ance est r\u00e9partie en deux parties. La premi\u00e8re partie est une forme de connaissance entre le patient et l\u2019Hypnoth\u00e9rapeute. Un \u00e9change concernant les motivations et les besoins de r\u00e9sultats du patient. La deuxi\u00e8me partie sera la s\u00e9ance hypnotique. Il faut compter 1h30 pour la premi\u00e8re consultation.<\/p>\n\n\n\n<p>Si le patient souhaite faire plusieurs s\u00e9ances, ces s\u00e9ances suivantes se d\u00e9roulent sur une dur\u00e9e de 1h.<\/p>\n\n\n\n<p>L\u2019hypnose se d\u00e9finit par un \u00e9tat de conscience particulier, qui n\u2019est ni un \u00e9tat de sommeil, ni un \u00e9tat de veille. C\u2019est par la parole que le praticien induit l\u2019hypnose chez son patient. En \u00e9tat d\u2019Hypnose, la personne ressent souvent de la d\u00e9tente, du bien-\u00eatre, de la relaxation. Toutes les \u00e9motions se coordonnent sans m\u00eame que le patient puisse y penser et le conscientiser. L\u2019\u00e9tat d\u2019hypnose est tr\u00e8s proche des r\u00eaves et quitte la logique rationnelle.<\/p>\n\n\n\n<p>Les s\u00e9ances s\u2019effectuent de la fa\u00e7on suivante :<\/p>\n\n\n\n<ul class=\"wp-block-list\">\n<li><strong>La prise de contact<\/strong>&nbsp;: la s\u00e9ance type d\u00e9marre par un \u00e9change verbal patient \/ patricien o\u00f9 se construit un lien de collaboration nomm\u00e9&nbsp;\u00ab&nbsp;alliance th\u00e9rapeutique&nbsp;\u00bb. Cette alliance est la base pour d\u00e9finir le type de travail \u00e0 r\u00e9aliser sous hypnose, mieux connaitre la personne, entrevoir l\u2019objectif \u00e0 atteindre et v\u00e9rifier qu\u2019il soit adapt\u00e9 \u00bb&nbsp;\u00e9cologique pour elle&nbsp;\u00bb.<\/li>\n\n\n\n<li><strong>L\u2019induction&nbsp;: <\/strong>le praticien propose au patient le choix d\u2019un environnement qui permettra de susciter intentionnellement l\u2019\u00e9tat hypnotique. Pour commencer \u00e0 rendre les perceptions plus flexibles, \u00e0 les \u00e9largir et percevoir ce qui est dans l\u2019instant.<\/li>\n\n\n\n<li><strong>La phase th\u00e9rapeutique&nbsp;: <\/strong>\u00e0 l\u2019aide de suggestions et d\u2019images m\u00e9taphoriques, le praticien propose progressivement au patient de commencer \u00e0 modifier la fa\u00e7on dont il per\u00e7oit sa r\u00e9alit\u00e9 douloureuse. Il lui permet de vivre un autre possible. Le patient quitte alors ses certitudes, cesse de penser que la douleur sera constante.<\/li>\n\n\n\n<li><strong>Le retour \u00e0 l\u2019\u00e9tat de conscience ordinaire&nbsp;<\/strong>: le patient reprend contact avec les \u00e9l\u00e9ments qui l\u2019entourent. S\u00e9ance apr\u00e8s s\u00e9ance, le patient s\u2019installe dans une nouvelle fa\u00e7on de vivre sa r\u00e9alit\u00e9 et sa vie. Le v\u00e9cu hypnotique continu d\u2019\u00eatre l\u00e0. Le patient pourra retrouver ces sensations par lui m\u00eame, en autohypnose.<\/li>\n<\/ul>\n\n\n\n<p><\/p>\n\n\n<div class=\"wp-block-image\">\n<figure class=\"alignright size-full is-resized\"><img loading=\"lazy\" decoding=\"async\" width=\"717\" height=\"509\" src=\"http:\/\/hypnose-praticienne.pro\/wp-content\/uploads\/2023\/01\/image_648732723.jpg\" alt=\"\" class=\"wp-image-385\" style=\"width:382px;height:271px\" srcset=\"https:\/\/hypnose-praticienne.pro\/wp-content\/uploads\/2023\/01\/image_648732723.jpg 717w, https:\/\/hypnose-praticienne.pro\/wp-content\/uploads\/2023\/01\/image_648732723-600x426.jpg 600w, https:\/\/hypnose-praticienne.pro\/wp-content\/uploads\/2023\/01\/image_648732723-300x213.jpg 300w\" sizes=\"auto, (max-width: 717px) 100vw, 717px\" \/><\/figure>\n<\/div>\n\n\n<p><\/p>\n\n\n\n<p><strong>3 \u2013 Pour Qui ? \u00c0 qui s\u2019adresse l\u2019hypnose ?<\/strong><\/p>\n\n\n\n<p>L\u2019hypnose s\u2019adresse \u00e0 tout le monde.<\/p>\n\n\n\n<p>Il s\u2019agit d\u2019une pratique qui peut s\u2019adresser \u00e0 tout le monde. Mais certaines personnes seront moins r\u00e9ceptives que d\u2019autres.<\/p>\n\n\n\n<p>Nous avons 2 cat\u00e9gories de personnes, les personnes analytiques et les non-analytiques. Par exemple, ceux et celles qui ont un besoin de rester dans le contr\u00f4le risquent d\u2019avoir plus de mal \u00e0 se laisser aller, \u00e0 se laisser entra\u00eener dans un \u00e9tat de transe hypnotique.<\/p>\n\n\n\n<p>Et si n\u2019importe qui peut se faire hypnotiser, la plupart des consultations d\u2019hypnose th\u00e9rapeutique sont con\u00e7ues pour \u00e9tablir des soins ainsi que r\u00e9pondre aux besoins et attentes de leur patient.<\/p>\n\n\n\n<p><strong>Une personne qui ne croit pas en l\u2019hypnose sera-t-elle r\u00e9ceptive ?<\/strong><\/p>\n\n\n\n<p>Contrairement \u00e0 ce que l\u2019on pourrait penser, les personnes qui ne croient pas en l\u2019hypnose peuvent \u00eatre les plus r\u00e9ceptives \u00e0 condition cependant qu\u2019elles fassent la d\u00e9marche par curiosit\u00e9, n\u00e9cessit\u00e9 et de leur propre initiative.<\/p>\n\n\n\n<p><\/p>\n\n\n\n<p><\/p>\n\n\n<div class=\"wp-block-image\">\n<figure class=\"alignleft size-large is-resized\"><img loading=\"lazy\" decoding=\"async\" width=\"576\" height=\"1024\" src=\"http:\/\/hypnose-praticienne.pro\/wp-content\/uploads\/2023\/01\/image_123986672-576x1024.jpg\" alt=\"\" class=\"wp-image-387\" style=\"width:285px;height:507px\" srcset=\"https:\/\/hypnose-praticienne.pro\/wp-content\/uploads\/2023\/01\/image_123986672-576x1024.jpg 576w, https:\/\/hypnose-praticienne.pro\/wp-content\/uploads\/2023\/01\/image_123986672-600x1067.jpg 600w, https:\/\/hypnose-praticienne.pro\/wp-content\/uploads\/2023\/01\/image_123986672-169x300.jpg 169w, https:\/\/hypnose-praticienne.pro\/wp-content\/uploads\/2023\/01\/image_123986672.jpg 750w\" sizes=\"auto, (max-width: 576px) 100vw, 576px\" \/><\/figure>\n<\/div>\n\n\n<p><strong>4 \u2013 Pour quoi ? Que soigne l\u2019hypnose&nbsp;?&nbsp;<\/strong><\/p>\n\n\n\n<p>L\u2019\u00e9tat d\u2019hypnose favorise le changement. Sous hypnose, il est possible de modifier des comportements qui ne sont pas ou plus adapt\u00e9s et d\u00e9passer ses limites habituelles.<\/p>\n\n\n\n<p>L\u2019hypnose est votre solution pour :<\/p>\n\n\n\n<ul class=\"wp-block-list\">\n<li>L\u2019arr\u00eat du tabac et autres addictions (Alcools \u2013 Drogues \u2013 M\u00e9dicaments\u2026)<\/li>\n\n\n\n<li>Troubles alimentaires (Boulimie, Anorexie) Maigrir et conserver son poids de forme.<\/li>\n\n\n\n<li>Troubles du sommeil, (Retrouver un bon sommeil)<\/li>\n\n\n\n<li>L\u2019am\u00e9lioration de la confiance en soi.<\/li>\n\n\n\n<li>La gestion des \u00e9motions.<\/li>\n\n\n\n<li>Le traitement des phobies.<\/li>\n\n\n\n<li>Le d\u00e9veloppement de sa capacit\u00e9 d\u2019apprentissage (Reconversion professionnelle, Parler en public\u2026)<\/li>\n\n\n\n<li>G\u00e9rer les s\u00e9parations, les deuils.<\/li>\n\n\n\n<li>La d\u00e9pendance affective, probl\u00e8mes sentimentaux, les probl\u00e8mes familiaux ou entourage\u2026<\/li>\n\n\n\n<li>Troubles li\u00e9s \u00e0 l\u2019\u00e9tat anxieux ou d\u00e9pressif, le stress ou la crise de panique.<\/li>\n\n\n\n<li>Les douleurs li\u00e9es au corps, migraines, allergies, douleurs articulaires\u2026 (Troubles Psychosomatiques)<\/li>\n<\/ul>\n\n\n\n<p><br><strong>Quelles pr\u00e9cautions prendre quand on veut faire de l\u2019hypnose&nbsp;?<\/strong><\/p>\n\n\n<div class=\"wp-block-image\">\n<figure class=\"alignright size-full is-resized\"><img loading=\"lazy\" decoding=\"async\" width=\"634\" height=\"372\" src=\"http:\/\/hypnose-praticienne.pro\/wp-content\/uploads\/2023\/01\/image_648732713.jpg\" alt=\"\" class=\"wp-image-398\" style=\"width:351px;height:206px\" srcset=\"https:\/\/hypnose-praticienne.pro\/wp-content\/uploads\/2023\/01\/image_648732713.jpg 634w, https:\/\/hypnose-praticienne.pro\/wp-content\/uploads\/2023\/01\/image_648732713-600x352.jpg 600w, https:\/\/hypnose-praticienne.pro\/wp-content\/uploads\/2023\/01\/image_648732713-300x176.jpg 300w\" sizes=\"auto, (max-width: 634px) 100vw, 634px\" \/><\/figure>\n<\/div>\n\n\n<p>Toutes les personnes sont hypnotisables puisque c\u2019est un \u00e9tat naturel. Cependant comme chaque personne est unique il faut parfois du temps et trouver la technique adapt\u00e9e. On est bien loin de l\u2019hypnose de spectacle&nbsp;! <\/p>\n\n\n\n<p>Et l\u2019ingr\u00e9dient essentiel c\u2019est vous.<\/p>\n\n\n\n<p>L\u2019hypnose&nbsp;est d\u00e9conseill\u00e9e aux personnes atteintes de troubles psychotiques&nbsp;graves&nbsp;: schizophr\u00e9nie, parano\u00efa, maniaco-d\u00e9pression.<\/p>\n\n\n\n<p><\/p>\n\n\n\n<figure class=\"wp-block-embed alignleft is-type-video is-provider-youtube wp-block-embed-youtube wp-embed-aspect-16-9 wp-has-aspect-ratio\"><div class=\"wp-block-embed__wrapper\">\n<iframe loading=\"lazy\" title=\"L&#039;HYPNOSE ERICKSONIENNE - Par Lionel Vernois\" width=\"720\" height=\"405\" src=\"https:\/\/www.youtube.com\/embed\/TQgcfxJc-2I?feature=oembed\" frameborder=\"0\" allow=\"accelerometer; autoplay; clipboard-write; encrypted-media; gyroscope; picture-in-picture; web-share\" referrerpolicy=\"strict-origin-when-cross-origin\" allowfullscreen><\/iframe>\n<\/div><\/figure>\n\n\n\n<figure class=\"wp-block-video\"><\/figure>\n\n\n\n<p><\/p>\n","protected":false},"excerpt":{"rendered":"<p>Et si nous parlions de l\u2019Hypnose en plusieurs questions \u2026 1 \u2013 L\u2019Hypnose Ericksonienne, explications\u2026 2 \u2013 Comment ? 3 \u2013 Pour qui ? 4 \u2013 Pour quoi ? 1 \u2013 L\u2019hypnose Ericksonienne, explications\u2026 D\u00e9velopp\u00e9e par le c\u00e9l\u00e8bre psychiatre et psychologue am\u00e9ricain, Milton Erickson, l\u2019hypnose Ericksonienne est une forme particuli\u00e8re d\u2019hypnose qui s&rsquo;effectue en \u00ab\u00a0position&#8230;<\/p>\n","protected":false},"author":1,"featured_media":780,"parent":0,"menu_order":0,"comment_status":"closed","ping_status":"closed","template":"","meta":{"_kadence_starter_templates_imported_post":false,"_kad_post_transparent":"","_kad_post_title":"","_kad_post_layout":"","_kad_post_sidebar_id":"","_kad_post_content_style":"","_kad_post_vertical_padding":"","_kad_post_feature":"","_kad_post_feature_position":"","_kad_post_header":false,"_kad_post_footer":false,"footnotes":""},"class_list":["post-162","page","type-page","status-publish","has-post-thumbnail","hentry"],"_links":{"self":[{"href":"https:\/\/hypnose-praticienne.pro\/index.php\/wp-json\/wp\/v2\/pages\/162","targetHints":{"allow":["GET"]}}],"collection":[{"href":"https:\/\/hypnose-praticienne.pro\/index.php\/wp-json\/wp\/v2\/pages"}],"about":[{"href":"https:\/\/hypnose-praticienne.pro\/index.php\/wp-json\/wp\/v2\/types\/page"}],"author":[{"embeddable":true,"href":"https:\/\/hypnose-praticienne.pro\/index.php\/wp-json\/wp\/v2\/users\/1"}],"replies":[{"embeddable":true,"href":"https:\/\/hypnose-praticienne.pro\/index.php\/wp-json\/wp\/v2\/comments?post=162"}],"version-history":[{"count":215,"href":"https:\/\/hypnose-praticienne.pro\/index.php\/wp-json\/wp\/v2\/pages\/162\/revisions"}],"predecessor-version":[{"id":1437,"href":"https:\/\/hypnose-praticienne.pro\/index.php\/wp-json\/wp\/v2\/pages\/162\/revisions\/1437"}],"wp:featuredmedia":[{"embeddable":true,"href":"https:\/\/hypnose-praticienne.pro\/index.php\/wp-json\/wp\/v2\/media\/780"}],"wp:attachment":[{"href":"https:\/\/hypnose-praticienne.pro\/index.php\/wp-json\/wp\/v2\/media?parent=162"}],"curies":[{"name":"wp","href":"https:\/\/api.w.org\/{rel}","templated":true}]}}